{"id":11073,"date":"2024-06-10T14:56:59","date_gmt":"2024-06-10T14:56:59","guid":{"rendered":"https:\/\/globalhoneystars.com\/liha2024\/product\/anavarza-suzme-cicek-bali\/"},"modified":"2024-06-10T15:37:57","modified_gmt":"2024-06-10T15:37:57","slug":"anavarza-suzme-cicek-bali","status":"publish","type":"product","link":"https:\/\/globalhoneystars.com\/liha2024\/product\/anavarza-suzme-cicek-bali\/","title":{"rendered":"Anavarza S\u00fczme \u00c7i\u00e7ek Bal\u0131"},"content":{"rendered":"<p>Sezen G\u0131da Mad. Tic. Ve San. Ltd. Sti.<\/p>\n<p>It was founded by Anavarza Bal at the end of 2017 with the aim of being the most accurate and rich information source about honey in Turkey.<\/p>\n","protected":false},"excerpt":{"rendered":"<p>It was founded by Anavarza Bal at the end of 2017 with the aim of being the most accurate and rich information source about honey in Turkey.<\/p>\n","protected":false},"featured_media":11723,"template":"","meta":{"_acf_changed":false,"_seopress_robots_primary_cat":"","_seopress_titles_title":"","_seopress_titles_desc":"","_seopress_robots_index":""},"product_brand":[],"product_cat":[437],"product_tag":[1002],"class_list":{"0":"post-11073","1":"product","2":"type-product","3":"status-publish","4":"has-post-thumbnail","6":"product_cat-quality","7":"product_tag-turkey","8":"pa_award-gold","9":"pa_competitioncategory-quality","10":"pa_country-turkey","11":"pa_variety-cicek-bali","13":"first","14":"instock","15":"product-type-simple"},"acf":[],"_links":{"self":[{"href":"https:\/\/globalhoneystars.com\/liha2024\/wp-json\/wp\/v2\/product\/11073","targetHints":{"allow":["GET"]}}],"collection":[{"href":"https:\/\/globalhoneystars.com\/liha2024\/wp-json\/wp\/v2\/product"}],"about":[{"href":"https:\/\/globalhoneystars.com\/liha2024\/wp-json\/wp\/v2\/types\/product"}],"version-history":[{"count":1,"href":"https:\/\/globalhoneystars.com\/liha2024\/wp-json\/wp\/v2\/product\/11073\/revisions"}],"predecessor-version":[{"id":11074,"href":"https:\/\/globalhoneystars.com\/liha2024\/wp-json\/wp\/v2\/product\/11073\/revisions\/11074"}],"wp:featuredmedia":[{"embeddable":true,"href":"https:\/\/globalhoneystars.com\/liha2024\/wp-json\/wp\/v2\/media\/11723"}],"wp:attachment":[{"href":"https:\/\/globalhoneystars.com\/liha2024\/wp-json\/wp\/v2\/media?parent=11073"}],"wp:term":[{"taxonomy":"product_brand","embeddable":true,"href":"https:\/\/globalhoneystars.com\/liha2024\/wp-json\/wp\/v2\/product_brand?post=11073"},{"taxonomy":"product_cat","embeddable":true,"href":"https:\/\/globalhoneystars.com\/liha2024\/wp-json\/wp\/v2\/product_cat?post=11073"},{"taxonomy":"product_tag","embeddable":true,"href":"https:\/\/globalhoneystars.com\/liha2024\/wp-json\/wp\/v2\/product_tag?post=11073"}],"curies":[{"name":"wp","href":"https:\/\/api.w.org\/{rel}","templated":true}]}}