{"id":11077,"date":"2024-06-10T14:56:59","date_gmt":"2024-06-10T14:56:59","guid":{"rendered":"https:\/\/globalhoneystars.com\/liha2024\/product\/apicelta-miel-de-flores-clara-suave\/"},"modified":"2024-06-10T15:38:01","modified_gmt":"2024-06-10T15:38:01","slug":"apicelta-miel-de-flores-clara-suave","status":"publish","type":"product","link":"https:\/\/globalhoneystars.com\/liha2024\/product\/apicelta-miel-de-flores-clara-suave\/","title":{"rendered":"Apicelta Miel De Flores Clara Suave"},"content":{"rendered":"<p>Apicelta<\/p>\n<p>Somos la segunda generaci\u00f3n de apicultores en Vigo(Pontevedra), sur de Galicia(Espa\u00f1a). Nuestro amor por las abejas hace de nuestro trabajo un hobby, el cual nos hace felices cada dia. Trabajar con la naturaleza es un privilegio que pocas personas pueden valorar. De ese amor entre nosotros y la naturaleza conseguimos un liquido dorado llamado miel, una transformaci\u00f3n del n\u00e9ctar de las flores en un alimento para el ser humano, como si de un proceso alqu\u00edmico se tratara, de lo oscuro de la tierra a lo dorado de la miel. Ese es nuestro trabajo.<\/p>\n","protected":false},"excerpt":{"rendered":"<p>Somos la segunda generaci\u00f3n de apicultores en Vigo(Pontevedra), sur de Galicia(Espa\u00f1a). Nuestro amor por las abejas hace de nuestro trabajo un hobby, el cual nos hace felices cada dia. Trabajar con la naturaleza es un privilegio que pocas personas pueden valorar. De ese amor entre nosotros y la naturaleza conseguimos un liquido dorado llamado miel, una transformaci\u00f3n del n\u00e9ctar de las flores en un alimento para el ser humano, como si de un proceso alqu\u00edmico se tratara, de lo oscuro de la tierra a lo dorado de la miel. Ese es nuestro trabajo.<\/p>\n","protected":false},"featured_media":11725,"template":"","meta":{"_acf_changed":false,"_seopress_robots_primary_cat":"","_seopress_titles_title":"","_seopress_titles_desc":"","_seopress_robots_index":""},"product_brand":[],"product_cat":[437],"product_tag":[1019],"class_list":{"0":"post-11077","1":"product","2":"type-product","3":"status-publish","4":"has-post-thumbnail","6":"product_cat-quality","7":"product_tag-spain","8":"pa_award-gold","9":"pa_competitioncategory-quality","10":"pa_country-spain","11":"pa_variety-polyfloral","13":"first","14":"instock","15":"product-type-simple"},"acf":[],"_links":{"self":[{"href":"https:\/\/globalhoneystars.com\/liha2024\/wp-json\/wp\/v2\/product\/11077","targetHints":{"allow":["GET"]}}],"collection":[{"href":"https:\/\/globalhoneystars.com\/liha2024\/wp-json\/wp\/v2\/product"}],"about":[{"href":"https:\/\/globalhoneystars.com\/liha2024\/wp-json\/wp\/v2\/types\/product"}],"version-history":[{"count":1,"href":"https:\/\/globalhoneystars.com\/liha2024\/wp-json\/wp\/v2\/product\/11077\/revisions"}],"predecessor-version":[{"id":11078,"href":"https:\/\/globalhoneystars.com\/liha2024\/wp-json\/wp\/v2\/product\/11077\/revisions\/11078"}],"wp:featuredmedia":[{"embeddable":true,"href":"https:\/\/globalhoneystars.com\/liha2024\/wp-json\/wp\/v2\/media\/11725"}],"wp:attachment":[{"href":"https:\/\/globalhoneystars.com\/liha2024\/wp-json\/wp\/v2\/media?parent=11077"}],"wp:term":[{"taxonomy":"product_brand","embeddable":true,"href":"https:\/\/globalhoneystars.com\/liha2024\/wp-json\/wp\/v2\/product_brand?post=11077"},{"taxonomy":"product_cat","embeddable":true,"href":"https:\/\/globalhoneystars.com\/liha2024\/wp-json\/wp\/v2\/product_cat?post=11077"},{"taxonomy":"product_tag","embeddable":true,"href":"https:\/\/globalhoneystars.com\/liha2024\/wp-json\/wp\/v2\/product_tag?post=11077"}],"curies":[{"name":"wp","href":"https:\/\/api.w.org\/{rel}","templated":true}]}}