{"id":11103,"date":"2024-06-10T14:57:11","date_gmt":"2024-06-10T14:57:11","guid":{"rendered":"https:\/\/globalhoneystars.com\/liha2024\/product\/balikesir-cicek-bali\/"},"modified":"2024-06-10T15:38:22","modified_gmt":"2024-06-10T15:38:22","slug":"balikesir-cicek-bali","status":"publish","type":"product","link":"https:\/\/globalhoneystars.com\/liha2024\/product\/balikesir-cicek-bali\/","title":{"rendered":"Balikesir Cicek Bali"},"content":{"rendered":"<p>Balikesir Buyuksehir Belediyesi<\/p>\n<p>A special honey produced by bees using the secretion of an insect that lives in the trunk of pine trees. This insect feeds by sucking the sap from the pine tree and secretes the excess sap as a sweet substance. The insect secretes this liquid between July and October, which is collected by bees. It is produced in the regions of Kepsut, Balya, Ayval\u0131k and Havran. K\u0131z\u0131lcam (Pinus brutia) and Karacam (Pinus nigra) are found in these areas. The ability to store for years without spoiling or freezing is the most important characteristic of pine honey. Its colour is darker than that of flower honey. Although slightly less nutritious, it is particularly good for throat problems.<\/p>\n","protected":false},"excerpt":{"rendered":"<p>A special honey produced by bees using the secretion of an insect that lives in the trunk of pine trees. This insect feeds by sucking the sap from the pine tree and secretes the excess sap as a sweet substance. The insect secretes this liquid between July and October, which is collected by bees. It is produced in the regions of Kepsut, Balya, Ayval\u0131k and Havran. K\u0131z\u0131lcam (Pinus brutia) and Karacam (Pinus nigra) are found in these areas. The ability to store for years without spoiling or freezing is the most important characteristic of pine honey. Its colour is darker than that of flower honey. Although slightly less nutritious, it is particularly good for throat problems.<\/p>\n","protected":false},"featured_media":11737,"template":"","meta":{"_acf_changed":false,"_seopress_robots_primary_cat":"","_seopress_titles_title":"","_seopress_titles_desc":"","_seopress_robots_index":""},"product_brand":[],"product_cat":[437],"product_tag":[1002],"class_list":{"0":"post-11103","1":"product","2":"type-product","3":"status-publish","4":"has-post-thumbnail","6":"product_cat-quality","7":"product_tag-turkey","8":"pa_award-gold","9":"pa_competitioncategory-quality","10":"pa_country-turkey","11":"pa_variety-polyfloral","13":"first","14":"instock","15":"product-type-simple"},"acf":[],"_links":{"self":[{"href":"https:\/\/globalhoneystars.com\/liha2024\/wp-json\/wp\/v2\/product\/11103","targetHints":{"allow":["GET"]}}],"collection":[{"href":"https:\/\/globalhoneystars.com\/liha2024\/wp-json\/wp\/v2\/product"}],"about":[{"href":"https:\/\/globalhoneystars.com\/liha2024\/wp-json\/wp\/v2\/types\/product"}],"version-history":[{"count":1,"href":"https:\/\/globalhoneystars.com\/liha2024\/wp-json\/wp\/v2\/product\/11103\/revisions"}],"predecessor-version":[{"id":11104,"href":"https:\/\/globalhoneystars.com\/liha2024\/wp-json\/wp\/v2\/product\/11103\/revisions\/11104"}],"wp:featuredmedia":[{"embeddable":true,"href":"https:\/\/globalhoneystars.com\/liha2024\/wp-json\/wp\/v2\/media\/11737"}],"wp:attachment":[{"href":"https:\/\/globalhoneystars.com\/liha2024\/wp-json\/wp\/v2\/media?parent=11103"}],"wp:term":[{"taxonomy":"product_brand","embeddable":true,"href":"https:\/\/globalhoneystars.com\/liha2024\/wp-json\/wp\/v2\/product_brand?post=11103"},{"taxonomy":"product_cat","embeddable":true,"href":"https:\/\/globalhoneystars.com\/liha2024\/wp-json\/wp\/v2\/product_cat?post=11103"},{"taxonomy":"product_tag","embeddable":true,"href":"https:\/\/globalhoneystars.com\/liha2024\/wp-json\/wp\/v2\/product_tag?post=11103"}],"curies":[{"name":"wp","href":"https:\/\/api.w.org\/{rel}","templated":true}]}}