{"id":11266,"date":"2024-06-10T14:57:51","date_gmt":"2024-06-10T14:57:51","guid":{"rendered":"https:\/\/globalhoneystars.com\/liha2024\/product\/mel-do-saldoiro\/"},"modified":"2024-06-13T17:20:12","modified_gmt":"2024-06-13T17:20:12","slug":"mel-do-saldoiro","status":"publish","type":"product","link":"https:\/\/globalhoneystars.com\/liha2024\/product\/mel-do-saldoiro\/","title":{"rendered":"Mel Do Saldoiro"},"content":{"rendered":"<p>MEL DO SALDOIRO es una empresa familiar, que de manera artesanal lleva mas de 80 a\u00f1os produciendo miel ,combinando la tradici\u00f3n con la pasion por las abejas y cuidando siempre la calidad de nuestros productos. Nuestra empresa est\u00e1 ubicada en el interior de Galicia (ESPA\u00d1A).<\/p>\n<p><span style=\"color: #ffffff;\">Antonio Gomez Tapia<\/span><\/p>\n","protected":false},"excerpt":{"rendered":"<p>MEL DO SALDOIRO es una empresa familiar, que de manera artesanal lleva mas de 80 a\u00f1os produciendo miel ,combinando la tradici\u00f3n con la pasion por las abejas y cuidando siempre la calidad de nuestros productos. Nuestra empresa est\u00e1 ubicada en el interior de Galicia (ESPA\u00d1A).<\/p>\n","protected":false},"featured_media":11810,"template":"","meta":{"_acf_changed":false,"_seopress_robots_primary_cat":"none","_seopress_titles_title":"","_seopress_titles_desc":"","_seopress_robots_index":""},"product_brand":[],"product_cat":[437],"product_tag":[1019],"class_list":{"0":"post-11266","1":"product","2":"type-product","3":"status-publish","4":"has-post-thumbnail","6":"product_cat-quality","7":"product_tag-spain","8":"pa_award-gold","9":"pa_competitioncategory-quality","10":"pa_country-spain","11":"pa_variety-multifloral","13":"first","14":"instock","15":"product-type-simple"},"acf":[],"_links":{"self":[{"href":"https:\/\/globalhoneystars.com\/liha2024\/wp-json\/wp\/v2\/product\/11266","targetHints":{"allow":["GET"]}}],"collection":[{"href":"https:\/\/globalhoneystars.com\/liha2024\/wp-json\/wp\/v2\/product"}],"about":[{"href":"https:\/\/globalhoneystars.com\/liha2024\/wp-json\/wp\/v2\/types\/product"}],"version-history":[{"count":1,"href":"https:\/\/globalhoneystars.com\/liha2024\/wp-json\/wp\/v2\/product\/11266\/revisions"}],"predecessor-version":[{"id":12089,"href":"https:\/\/globalhoneystars.com\/liha2024\/wp-json\/wp\/v2\/product\/11266\/revisions\/12089"}],"wp:featuredmedia":[{"embeddable":true,"href":"https:\/\/globalhoneystars.com\/liha2024\/wp-json\/wp\/v2\/media\/11810"}],"wp:attachment":[{"href":"https:\/\/globalhoneystars.com\/liha2024\/wp-json\/wp\/v2\/media?parent=11266"}],"wp:term":[{"taxonomy":"product_brand","embeddable":true,"href":"https:\/\/globalhoneystars.com\/liha2024\/wp-json\/wp\/v2\/product_brand?post=11266"},{"taxonomy":"product_cat","embeddable":true,"href":"https:\/\/globalhoneystars.com\/liha2024\/wp-json\/wp\/v2\/product_cat?post=11266"},{"taxonomy":"product_tag","embeddable":true,"href":"https:\/\/globalhoneystars.com\/liha2024\/wp-json\/wp\/v2\/product_tag?post=11266"}],"curies":[{"name":"wp","href":"https:\/\/api.w.org\/{rel}","templated":true}]}}