{"id":11413,"date":"2024-06-10T14:58:16","date_gmt":"2024-06-10T14:58:16","guid":{"rendered":"https:\/\/globalhoneystars.com\/liha2024\/product\/rey-melicola\/"},"modified":"2024-06-10T15:42:28","modified_gmt":"2024-06-10T15:42:28","slug":"rey-melicola","status":"publish","type":"product","link":"https:\/\/globalhoneystars.com\/liha2024\/product\/rey-melicola\/","title":{"rendered":"Rey Mel\u00edcola"},"content":{"rendered":"<p>Rey Melicola<\/p>\n<p>Empresa familiar dedicada a la recolecci\u00f3n de alimentos producidas por las abejas y producci\u00f3n de carne selecta de wagyu. Estamos en un zona libre de agricultura, de alta monta\u00f1a, a mas de 1100 metros. Ayudando a preservar las tradiciones de la zona, y no modificando en ecosistema existente en la zona.<\/p>\n","protected":false},"excerpt":{"rendered":"<p>Empresa familiar dedicada a la recolecci\u00f3n de alimentos producidas por las abejas y producci\u00f3n de carne selecta de wagyu. Estamos en un zona libre de agricultura, de alta monta\u00f1a, a mas de 1100 metros. Ayudando a preservar las tradiciones de la zona, y no modificando en ecosistema existente en la zona.<\/p>\n","protected":false},"featured_media":11873,"template":"","meta":{"_acf_changed":false,"_seopress_robots_primary_cat":"none","_seopress_titles_title":"","_seopress_titles_desc":"","_seopress_robots_index":""},"product_brand":[],"product_cat":[437],"product_tag":[1019],"class_list":{"0":"post-11413","1":"product","2":"type-product","3":"status-publish","4":"has-post-thumbnail","6":"product_cat-quality","7":"product_tag-spain","8":"pa_award-gold","9":"pa_competitioncategory-quality","10":"pa_country-spain","11":"pa_variety-polyfloral","13":"first","14":"instock","15":"product-type-simple"},"acf":[],"_links":{"self":[{"href":"https:\/\/globalhoneystars.com\/liha2024\/wp-json\/wp\/v2\/product\/11413","targetHints":{"allow":["GET"]}}],"collection":[{"href":"https:\/\/globalhoneystars.com\/liha2024\/wp-json\/wp\/v2\/product"}],"about":[{"href":"https:\/\/globalhoneystars.com\/liha2024\/wp-json\/wp\/v2\/types\/product"}],"version-history":[{"count":1,"href":"https:\/\/globalhoneystars.com\/liha2024\/wp-json\/wp\/v2\/product\/11413\/revisions"}],"predecessor-version":[{"id":11414,"href":"https:\/\/globalhoneystars.com\/liha2024\/wp-json\/wp\/v2\/product\/11413\/revisions\/11414"}],"wp:featuredmedia":[{"embeddable":true,"href":"https:\/\/globalhoneystars.com\/liha2024\/wp-json\/wp\/v2\/media\/11873"}],"wp:attachment":[{"href":"https:\/\/globalhoneystars.com\/liha2024\/wp-json\/wp\/v2\/media?parent=11413"}],"wp:term":[{"taxonomy":"product_brand","embeddable":true,"href":"https:\/\/globalhoneystars.com\/liha2024\/wp-json\/wp\/v2\/product_brand?post=11413"},{"taxonomy":"product_cat","embeddable":true,"href":"https:\/\/globalhoneystars.com\/liha2024\/wp-json\/wp\/v2\/product_cat?post=11413"},{"taxonomy":"product_tag","embeddable":true,"href":"https:\/\/globalhoneystars.com\/liha2024\/wp-json\/wp\/v2\/product_tag?post=11413"}],"curies":[{"name":"wp","href":"https:\/\/api.w.org\/{rel}","templated":true}]}}