{"id":13134,"date":"2025-04-07T10:28:00","date_gmt":"2025-04-07T10:28:00","guid":{"rendered":"https:\/\/globalhoneystars.com\/piha2025\/?post_type=product&#038;p=13134"},"modified":"2025-04-08T11:07:40","modified_gmt":"2025-04-08T11:07:40","slug":"mel-sabor-suave","status":"publish","type":"product","link":"https:\/\/globalhoneystars.com\/piha2025\/product\/mel-sabor-suave\/","title":{"rendered":"Mel &#8211; Sabor Suave"},"content":{"rendered":"<p><span lang=\"en-us\">The company is located in the state of Santa Catarina, southern Brazil, and it is a family company with over 25 years of experience in processing honey. Since 2002, Apis Nativa has been focusing mainly on honey exports, however recently has been also investing in the expansion of the sales to the national market.<\/span><br \/>\n<span lang=\"en-us\">Apis Nativa has three fully operational branches in the northwest States of Brazil (Piau\u00ed, Maranh\u00e3o and Cear\u00e1), which improves the logistic of the business tremendously, additionally another headquarters in its hometown, focused on the national market.<\/span><br \/>\n<span lang=\"en-us\">Mission: Produce and market organic Honey, with highest quality, providing well-being, quality of life and longevity to the consumers.<\/span>A<\/p>\n<p><span style=\"color: #ffffff;\">pis Nativa Agroindustrial Exportadora Ltda<\/span><\/p>\n","protected":false},"excerpt":{"rendered":"<p>The company is located in the state of Santa Catarina, southern Brazil, and it is a family company with over<\/p>\n","protected":false},"featured_media":13139,"template":"","meta":{"_acf_changed":false,"_seopress_robots_primary_cat":"none","_seopress_titles_title":"","_seopress_titles_desc":"","_seopress_robots_index":""},"product_brand":[],"product_cat":[437],"product_tag":[1145],"class_list":{"0":"post-13134","1":"product","2":"type-product","3":"status-publish","4":"has-post-thumbnail","6":"product_cat-quality","7":"product_tag-brazil","8":"pa_award-gold","9":"pa_competitioncategory-quality","10":"pa_country-brazil","11":"pa_variety-multiflowers","13":"first","14":"instock","15":"product-type-simple"},"acf":[],"_links":{"self":[{"href":"https:\/\/globalhoneystars.com\/piha2025\/wp-json\/wp\/v2\/product\/13134","targetHints":{"allow":["GET"]}}],"collection":[{"href":"https:\/\/globalhoneystars.com\/piha2025\/wp-json\/wp\/v2\/product"}],"about":[{"href":"https:\/\/globalhoneystars.com\/piha2025\/wp-json\/wp\/v2\/types\/product"}],"version-history":[{"count":1,"href":"https:\/\/globalhoneystars.com\/piha2025\/wp-json\/wp\/v2\/product\/13134\/revisions"}],"predecessor-version":[{"id":13135,"href":"https:\/\/globalhoneystars.com\/piha2025\/wp-json\/wp\/v2\/product\/13134\/revisions\/13135"}],"wp:featuredmedia":[{"embeddable":true,"href":"https:\/\/globalhoneystars.com\/piha2025\/wp-json\/wp\/v2\/media\/13139"}],"wp:attachment":[{"href":"https:\/\/globalhoneystars.com\/piha2025\/wp-json\/wp\/v2\/media?parent=13134"}],"wp:term":[{"taxonomy":"product_brand","embeddable":true,"href":"https:\/\/globalhoneystars.com\/piha2025\/wp-json\/wp\/v2\/product_brand?post=13134"},{"taxonomy":"product_cat","embeddable":true,"href":"https:\/\/globalhoneystars.com\/piha2025\/wp-json\/wp\/v2\/product_cat?post=13134"},{"taxonomy":"product_tag","embeddable":true,"href":"https:\/\/globalhoneystars.com\/piha2025\/wp-json\/wp\/v2\/product_tag?post=13134"}],"curies":[{"name":"wp","href":"https:\/\/api.w.org\/{rel}","templated":true}]}}